{"id":1977,"date":"2024-01-20T19:40:52","date_gmt":"2024-01-20T18:40:52","guid":{"rendered":"https:\/\/paoliconceptstore.com\/?page_id=1977"},"modified":"2024-02-02T11:39:09","modified_gmt":"2024-02-02T10:39:09","slug":"termini-condizioni","status":"publish","type":"page","link":"https:\/\/paoliconceptstore.com\/en_en\/termini-condizioni\/","title":{"rendered":"Terms and Conditions"},"content":{"rendered":"<p>Le immagini e le descrizioni del sito <strong>paoliconceptstore.com<\/strong> sono del prodotto che acquisterete. Tuttavia \u00e8 possibile per impostazione del monitor e poich\u00e8 si tratta di prodotti artigianali che vi siano alcune differenze.<\/p>\n<p>Le immagini contenute sul sito paoliconceptstore.com sono di propriet\u00e0 di PAOLI CONCEPT STORE o utilizzate su autorizzazione dei legittimi proprietari. Ogni utilizzo di tali immagini non autorizzato da un consenso scritto sar\u00e0 perseguito a norma di legge.<\/p>\n<h3>Acquisto in PRE-ORDINE<\/h3>\n<p>E\u2019 possibile che artigiani, stilisti e designer decidano di modificare oggetti, capi, o accessori in fase di produzione o addirittura di non produrli. Nell&#8217;eventualit\u00e0 che l&#8217;articolo non sia prodotto o che ci siano discrepanze tra gli oggetti o i capi rappresentati nelle immagini presenti sul sito al momento in cui il cliente effettua il pre-ordine e quelli che effettivamente sono stati prodotti, verrete contattati dall&#8217;assistenza di PAOLI CONCEPT STORE per ottenere espressa approvazione delle modifiche e procedere alla spedizione o cancellare l&#8217;ordine e fornire un rimborso.<\/p>\n<h3>VENDITA CONTEMPORANEA<\/h3>\n<p>La disponibilit\u00e0 degli articoli presenti su sito <strong>paoliconceptstore.com<\/strong> rispecchia la reale disponibilit\u00e0 del negozio fisico PAOLI CONCEPT STORE ed \u00e8 quindi possibile, anche se molto improbabile, che un articolo acquistato presso il sito <strong>paoliconceptstore.com<\/strong> sia in contemporanea venduto in PAOLI CONCEPT STORE negozio fisico e che quindi il sistema non abbia ancora notificato e corretto la reale disponibilit\u00e0. In questa evenienza verranno immediatamente rimborsati i clienti che hanno effettuato l\u2019acquisto ed il relativo pagamento.<\/p>\n<h3>TERMINI LEGALI<\/h3>\n<p>L&#8217;accesso al sito ed ai relativi servizi \u00e8 destinato esclusivamente ad utilizzo personale al fine informativo con possibilit\u00e0 di acquisto dei prodotti stessi.<\/p>\n<p>E&#8217; ASSOLUTAMENTE VIETATO utilizzare il sito <strong>paoliconceptstore.com<\/strong> per fini differenti senza un&#8217;autorizzazione scritta.<\/p>\n<p>Accedendo al sito <strong>paoliconceptstore.com<\/strong> gli utenti si impegnano ad accettarne il regolamento e le condizioni di vendita attenendosi al rispetto delle condizioni indicate.<\/p>\n<p>PAOLI CONCEPT STORE si riserva il diritto di chiedere agli Utenti che non accettino o non intendano rispettare tali termini di astenersi dall&#8217;utilizzo del sito web <strong>paoliconceptstore.com<\/strong>.<\/p>\n<p>L&#8217;accesso al sito ed ai relativi servizi \u00e8 destinato esclusivamente ad utilizzo personale.<\/p>\n<p>La visualizzazione del sito <strong>paoliconceptstore.com<\/strong> fornisce ai Clienti informazioni sui prodotti proposti insieme alla possibilit\u00e0 di acquisto degli stessi.<\/p>\n<h3>COPYRIGHT &amp; TRADEMARK<\/h3>\n<p>Tutto il contenuto del sito sito <strong>paoliconceptstore.com<\/strong> compresi logo, codici e format scripts, documentazione, descrizioni prodotti, testi, immagini, design, musica, filmati e software sono di propriet\u00e0 di PAOLI CONCEPT STORE<\/p>\n<p>Tutto il materiale contenuto nel sito web \u00e8 protetto da copyright.<\/p>\n<p>PAOLI CONCEPT STORE vieta l&#8217;utilizzo del contenuto o dei marchi presenti nel sito per ogni altro scopo e fine diversi da quelli sopra citati.<\/p>\n<p>Qualsiasi riproduzione, alterazione, trasmissione, pubblicazione o ridistribuzione a terzi, per scopi commerciali, \u00e8 severamente vietata se priva di espresso consenso scritto da parte di PAOLI CONCEPT STORE<\/p>\n<h3>EVASIONE DELL&#8217;ORDINE E RISERVE<\/h3>\n<p>PAOLI CONCEPT STORE si riserva il diritto di rifiutare un ordine nel caso di pagamenti non andati a buon fine.<\/p>\n<p>PAOLI CONCEPT STORE si riserva comunque il diritto unilaterale di rifiutare ordini a chiunque in qualsiasi momento.<\/p>\n<p>E&#8217; assolutamente VIETATO l&#8217;acquisto dei prodotti presenti sul sito sito <strong>paoliconceptstore.com<\/strong> a soggetti diversi dal Cliente finale al fine di rivendere il prodotto stesso sia con canali online che offline.<\/p>\n<h3>REQUISITI<\/h3>\n<p>Per effettuare ordini ed acquistare sul sito <strong>paoliconceptstore.com<\/strong> i Clienti devono possedere i seguenti requisiti:<\/p>\n<p>Possedere un indirizzo E-mail valido ed un recapito telefonico<br \/>\nPossedere una carta di credito e\/o di debito valida per il pagamento nel circuito PayPal oppure un conto PayPal Verificato<br \/>\nPossedere una carta di credito e\/o di debito valida per il pagamento nel circuito Sumup o un metodo di pagamento che soddisfi quelli offerti da Sumup<br \/>\nAvere almeno 18 anni e possedere i requisiti necessari per poter stipulare contratti legalmente vincolanti.<\/p>\n<h3>PAGAMENTI DELL\u2019ORDINE<\/h3>\n<p>Il pagamento dell&#8217;ordine pu\u00f2 avvenire attraverso le seguenti modalit\u00e0:<br \/>\n&#8211; Carta di Credito o metodo di pagamento accettato da Stripe<br \/>\n&#8211; Bonifico bancario<\/p>\n<p>In caso di pagamento con Carta di Credito PAOLI CONCEPT STORE assicura il Cliente che non tratter\u00e0 e non verr\u00e0 mai a conoscenza dei dati; tutta la parte di pagamento \u00e8 processata esternamente dal sito <strong>paoliconceptstore.com<\/strong> attraverso il sistema Stripe che adotta le pi\u00f9 innovative tecniche di protezione anti-frode, i sistemi di verifica di indirizzi e carte di credito e le pi\u00f9 avanzate tecniche di crittografia, tra cui i protocolli SSL a 168 bit e\/o attraverso il la piattaforma Stripe che vanta la certificazione PCI Service Provider Level 1 con la tecnica di crittografia AES 256.<\/p>\n<p>In caso di Ritiro in Negozio non verranno addebitate al cliente le spese di spedizione ed i metodi di pagamento anticipato validi sono Carta di Credito del circuito accettato, metodo di pagamento accettato da Sumup, Bonifico bancario o pagamento al ritiro (dove disponibile).<\/p>\n<h3>DECLINAZIONE DI RESPONSABILITA&#8217;<\/h3>\n<p>PAOLI CONCEPT STORE si riserva il diritto di rettificare\/riesaminare i termini e le condizioni contenute in questa nota legale, tramite aggiornamento, ogni qualvolta lo ritenga opportuno, senza alcun obbligo di preavviso.<\/p>\n<p>PAOLI CONCEPT STORE pubblica informazioni sul suo sito <strong>paoliconceptstore.com<\/strong> al fine di fornire un servizio ai propri clienti ma declina ogni responsabilit\u00e0 circa la possibilit\u00e0 di eventuali errori tipografici, inesattezze tecniche e\/o di fatto per i quali \u00e8 prevista un&#8217;immediata correzione a seguito di segnalazione.<\/p>\n<p>PAOLI CONCEPT STORE si riserva inoltre il diritto di apportare correzioni e variazioni al sito <strong>paoliconceptstore.com<\/strong> ogni volta venga ritenuto necessario, senza darne preavviso.<\/p>\n<p>PAOLI CONCEPT STORE non offre alcuna garanzia sulla conformit\u00e0 delle informazioni pubblicate nel proprio sito alle leggi previste dalla giurisdizione del paese di residenza del Cliente.<\/p>\n<p>PAOLI CONCEPT STORE garantisce la protezione, secondo gli standard internazionali previsti per Internet, per il proprio sito <strong>paoliconceptstore.com<\/strong><\/p>\n<p>PAOLI CONCEPT STORE declina ogni responsabilit\u00e0 relativa a eventuali problemi, danni o rischi che l&#8217;utente pu\u00f2 incontrare durante l&#8217;utilizzo del sito, declina inoltre ogni responsabilit\u00e0 relativa a eventuali malfunzionamenti legati alla disattivazione dei cookies nel browser dell&#8217;utente.<\/p>\n<p>Con l\u2019utilizzo del sito <strong>paoliconceptstore.com<\/strong> l\u2019utente si fa carico di tutti gli eventuali i rischi connessi, impegnandosi a non ritenere PAOLI CONCEPT STORE responsabile in alcun modo di eventuali danni derivanti o causati dall\u2019uso del sito o ad esso relativi.<\/p>\n<h3>LEGISLAZIONE e FORO COMPETENTE<\/h3>\n<p>Gli Utenti che accedono al sito <strong>paoliconceptstore.com<\/strong> dichiarano di accettare che tutte le questioni relative all&#8217;utilizzo del sito Web vengano regolate dalla legislazione vigente dello Stato italiano, dichiarando inoltre di assoggettarsi esclusivamente alla competenza del Foro di CAGLIARI (Italy) per le questioni sopra indicate.<\/p>\n<p>PAOLI CONCEPT STORE non garantisce in alcun modo che i vari contenuti del sito siano allineati alle normative vigenti in altri paesi. L&#8217;accesso al sito <strong>paoliconceptstore.com<\/strong> da luoghi in cui i relativi contenuti sono considerati illegali \u00e8 espressamente proibito e gli Utenti che accedano al sito da tali paesi sono pienamente consapevoli delle conseguenze legali e se ne assumeranno la completa responsabilit\u00e0.<\/p>","protected":false},"excerpt":{"rendered":"<p>Le immagini e le descrizioni del sito paoliconceptstore.com sono del prodotto che acquisterete. Tuttavia \u00e8 possibile per impostazione del monitor e poich\u00e8 si tratta di prodotti artigianali che vi siano alcune differenze. Le immagini contenute sul sito paoliconceptstore.com sono di propriet\u00e0 di PAOLI CONCEPT STORE o utilizzate su autorizzazione dei legittimi proprietari. Ogni utilizzo di [&hellip;]<\/p>\n","protected":false},"author":1,"featured_media":0,"parent":0,"menu_order":0,"comment_status":"closed","ping_status":"closed","template":"","meta":{"_acf_changed":false,"_uf_show_specific_survey":0,"_uf_disable_surveys":false,"footnotes":""},"class_list":["post-1977","page","type-page","status-publish","hentry"],"acf":[],"aioseo_notices":[],"jetpack_sharing_enabled":true,"_links":{"self":[{"href":"https:\/\/paoliconceptstore.com\/en_en\/wp-json\/wp\/v2\/pages\/1977","targetHints":{"allow":["GET"]}}],"collection":[{"href":"https:\/\/paoliconceptstore.com\/en_en\/wp-json\/wp\/v2\/pages"}],"about":[{"href":"https:\/\/paoliconceptstore.com\/en_en\/wp-json\/wp\/v2\/types\/page"}],"author":[{"embeddable":true,"href":"https:\/\/paoliconceptstore.com\/en_en\/wp-json\/wp\/v2\/users\/1"}],"replies":[{"embeddable":true,"href":"https:\/\/paoliconceptstore.com\/en_en\/wp-json\/wp\/v2\/comments?post=1977"}],"version-history":[{"count":3,"href":"https:\/\/paoliconceptstore.com\/en_en\/wp-json\/wp\/v2\/pages\/1977\/revisions"}],"predecessor-version":[{"id":2732,"href":"https:\/\/paoliconceptstore.com\/en_en\/wp-json\/wp\/v2\/pages\/1977\/revisions\/2732"}],"wp:attachment":[{"href":"https:\/\/paoliconceptstore.com\/en_en\/wp-json\/wp\/v2\/media?parent=1977"}],"curies":[{"name":"wp","href":"https:\/\/api.w.org\/{rel}","templated":true}]}}