{"id":207,"date":"2024-01-20T19:08:08","date_gmt":"2024-01-20T18:08:08","guid":{"rendered":"https:\/\/paolishop.sviluppo.host\/?page_id=207"},"modified":"2024-01-28T13:28:55","modified_gmt":"2024-01-28T12:28:55","slug":"refund-returns-policy","status":"publish","type":"page","link":"https:\/\/paoliconceptstore.com\/en_en\/refund-returns-policy\/","title":{"rendered":"Resi &#038; Rimborsi"},"content":{"rendered":"<h1>Politica di rimborso e reso<\/h1>\r\n\r\n\r\n\r\n<h3>PANORAMICA<\/h3>\r\n<p>Come da Decreto Legislativo 206\/2005, il Cliente ha il diritto di recedere dal contratto, senza indicarne le ragioni, entro 14 giorni dalla consegna dell\u2019ordine.<\/p>\r\n<p>Per esercitare il diritto di recesso il Cliente dovr\u00e0 contattarci tramite mail a web@paoliconceptstore.com per ricevere tutte le informazioni necessarie.<\/p>\r\n<p>Paoli Concept Store si riserva il diritto di rifiutare resi effettuati senza autorizzazione.<\/p>\r\n<p>Restano esclusi dal diritto di recesso i prodotti della categoria indicata &#8220;non restituibili&#8221;.<\/p>\r\n<h4>ARTICOLI AGGIUNTIVI NON RESTITUIBILI:<\/h4>\r\n<ul>\r\n<li>Carte regalo<\/li>\r\n<li>Prodotti per la cura della persona<\/li>\r\n<li>Profumi<\/li>\r\n<li>Prodotti linea &#8220;persona&#8221; usati<\/li>\r\n<li>Prodotti personalizzati su richiesta del cliente<\/li>\r\n<\/ul>\r\n<h4>CI SONO ALCUNE SITUAZIONI IN CUI VENGONO CONCESSI SOLO RIMBORSI PARZIALI:<\/h4>\r\n<ul>\r\n<li>Prodotti con evidenti segni d&#8217;uso<\/li>\r\n<li>Qualsiasi articolo non nelle sue condizioni originali, \u00e8 danneggiato o presenta parti mancanti per ragioni non dovute al nostro errore.<\/li>\r\n<li>Qualsiasi articolo restituito pi\u00f9 di 14 giorni dopo la consegna<\/li>\r\n<\/ul>\r\n<h3>Rimborsi<\/h3>\r\n<p>Una volta ricevuto e ispezionato il tuo reso, ti invieremo un&#8217;e-mail per informarti che abbiamo ricevuto il tuo articolo restituito. Ti informeremo inoltre dell&#8217;approvazione o del rifiuto del tuo rimborso.<\/p>\r\n<p>Se sei approvato, il tuo rimborso verr\u00e0 elaborato e un credito verr\u00e0 automaticamente applicato alla tua carta di credito o al metodo di pagamento originale, entro un certo numero di giorni.<\/p>\r\n<h4>RIMBORSI TARDIVI O MANCATI<\/h4>\r\n<p>Se non hai ancora ricevuto un rimborso, controlla prima di nuovo il tuo conto bancario.<\/p>\r\n<p>Quindi contatta la compagnia della tua carta di credito, potrebbe volerci del tempo prima che il rimborso venga registrato ufficialmente.<\/p>\r\n<p>Successivamente contatta la tua banca. Spesso \u00e8 necessario del tempo di elaborazione prima che venga registrato un rimborso.<\/p>\r\n<p>Se hai fatto tutto questo e non hai ancora ricevuto il rimborso, contattaci all&#8217;indirizzo {indirizzo email}.<\/p>\r\n<h4>ARTICOLI IN SALDO<\/h4>\r\n<p>Possono essere rimborsati solo gli articoli a prezzo normale. Gli articoli in saldo non possono essere rimborsati.<\/p>\r\n<h4>SCAMBI<\/h4>\r\n<p>Sostituiamo gli articoli solo se difettosi o danneggiati. Se devi cambiarlo con lo stesso articolo, inviaci un&#8217;email tramite la sezione contatti<\/p>\r\n<h4>I REGALI<\/h4>\r\n<p>Se l&#8217;articolo \u00e8 stato contrassegnato come regalo al momento dell&#8217;acquisto e ti \u00e8 stato spedito direttamente, riceverai un credito regalo pari al valore del tuo reso. Una volta ricevuto l&#8217;articolo restituito, ti verr\u00e0 inviato un buono regalo.<\/p>\r\n<p>Se l&#8217;articolo non \u00e8 stato contrassegnato come regalo al momento dell&#8217;acquisto, o se il donatore si \u00e8 fatto spedire l&#8217;ordine per dartelo in seguito, invieremo un rimborso al donatore e lui verr\u00e0 a conoscenza del tuo reso.<\/p>\r\n<h4>SPEDIZIONE E RESI<\/h4>\r\n<p>Per restituire il prodotto, \u00e8 necessario spedire il prodotto a: <strong>Paoli Concept Store &#8211; Via Pasquale Paoli 9, 09128 Cagliari<\/strong>.<\/p>\r\n<p>Sarai responsabile del pagamento delle spese di spedizione per la restituzione del tuo articolo. Le spese di spedizione non sono rimborsabili. Se ricevi un rimborso, il costo della spedizione per la restituzione verr\u00e0 detratto dal rimborso.<\/p>\r\n<p>A seconda di dove vivi, il tempo necessario affinch\u00e9 il prodotto sostituito ti arrivi pu\u00f2 variare.<\/p>\r\n<p>Se stai restituendo articoli pi\u00f9 costosi, potresti prendere in considerazione l&#8217;utilizzo di un servizio di spedizione tracciabile o l&#8217;acquisto di un&#8217;assicurazione sulla spedizione. Non garantiamo che riceveremo l&#8217;articolo restituito.<\/p>\r\n<h4>HO BISOGNO DI AIUTO?<\/h4>\r\n<p>Contattaci alla pagina Assistenza per domande relative a rimborsi e resi.<\/p>","protected":false},"excerpt":{"rendered":"<p>Politica di rimborso e reso PANORAMICA Come da Decreto Legislativo 206\/2005, il Cliente ha il diritto di recedere dal contratto, senza indicarne le ragioni, entro 14 giorni dalla consegna dell\u2019ordine. Per esercitare il diritto di recesso il Cliente dovr\u00e0 contattarci tramite mail a web@paoliconceptstore.com per ricevere tutte le informazioni necessarie. Paoli Concept Store si riserva [&hellip;]<\/p>\n","protected":false},"author":1,"featured_media":0,"parent":0,"menu_order":0,"comment_status":"closed","ping_status":"closed","template":"","meta":{"_acf_changed":false,"_uf_show_specific_survey":0,"_uf_disable_surveys":false,"footnotes":""},"class_list":["post-207","page","type-page","status-publish","hentry"],"acf":[],"aioseo_notices":[],"jetpack_sharing_enabled":true,"_links":{"self":[{"href":"https:\/\/paoliconceptstore.com\/en_en\/wp-json\/wp\/v2\/pages\/207","targetHints":{"allow":["GET"]}}],"collection":[{"href":"https:\/\/paoliconceptstore.com\/en_en\/wp-json\/wp\/v2\/pages"}],"about":[{"href":"https:\/\/paoliconceptstore.com\/en_en\/wp-json\/wp\/v2\/types\/page"}],"author":[{"embeddable":true,"href":"https:\/\/paoliconceptstore.com\/en_en\/wp-json\/wp\/v2\/users\/1"}],"replies":[{"embeddable":true,"href":"https:\/\/paoliconceptstore.com\/en_en\/wp-json\/wp\/v2\/comments?post=207"}],"version-history":[{"count":0,"href":"https:\/\/paoliconceptstore.com\/en_en\/wp-json\/wp\/v2\/pages\/207\/revisions"}],"wp:attachment":[{"href":"https:\/\/paoliconceptstore.com\/en_en\/wp-json\/wp\/v2\/media?parent=207"}],"curies":[{"name":"wp","href":"https:\/\/api.w.org\/{rel}","templated":true}]}}