{"id":1753,"date":"2024-01-20T16:52:45","date_gmt":"2024-01-20T15:52:45","guid":{"rendered":"https:\/\/paoliconceptstore.com\/?post_type=product&#038;p=1753"},"modified":"2024-02-01T12:31:07","modified_gmt":"2024-02-01T11:31:07","slug":"balente","status":"publish","type":"product","link":"https:\/\/paoliconceptstore.com\/en_en\/shop\/balente\/","title":{"rendered":"Balente"},"content":{"rendered":"<p>Vitigni: bovale sardo, cannonau. Et\u00e0 dei vigneti: 100 anni, Imbottigliamento a freddo e affinamento in bottiglia per circa 1 anno. Alcol 14,5%. Colore rosso rubino acceso e vivace. Al naso \u00e8 intenso e complesso. Si apre con note fruttate e floreali, minerali e speziate. Al gusto \u00e8 robusto e la notevole alcolicit\u00e0 \u00e8 aiutata dalla spalla acida e tannini vigorosi e ben amalgamati. Abbinamento ideale con formaggi stagionati e carni rosse.<\/p>","protected":false},"excerpt":{"rendered":"<p>Cantine Carboni &#8211; Ortueri. IGT Isola dei Nuraghi, bottiglia 0,75l<\/p>","protected":false},"featured_media":2290,"template":"","meta":{"_acf_changed":false,"_uf_show_specific_survey":0,"_uf_disable_surveys":false},"product_brand":[],"product_cat":[131,99,70,119,132],"product_tag":[133,134,135,136,137],"class_list":{"0":"post-1753","1":"product","2":"type-product","3":"status-publish","4":"has-post-thumbnail","6":"product_cat-cantine-carboni-produttori","7":"product_cat-enoteca","8":"product_cat-shop","9":"product_cat-tavola-casa","10":"product_cat-vini-rossi-enoteca","11":"product_tag-carboni","12":"product_tag-mandrolisai","13":"product_tag-ortueri","14":"product_tag-vino","15":"product_tag-vino-rosso","17":"first","18":"instock","19":"taxable","20":"shipping-taxable","21":"purchasable","22":"product-type-simple"},"acf":[],"aioseo_notices":[],"jetpack_sharing_enabled":true,"_links":{"self":[{"href":"https:\/\/paoliconceptstore.com\/en_en\/wp-json\/wp\/v2\/product\/1753","targetHints":{"allow":["GET"]}}],"collection":[{"href":"https:\/\/paoliconceptstore.com\/en_en\/wp-json\/wp\/v2\/product"}],"about":[{"href":"https:\/\/paoliconceptstore.com\/en_en\/wp-json\/wp\/v2\/types\/product"}],"wp:featuredmedia":[{"embeddable":true,"href":"https:\/\/paoliconceptstore.com\/en_en\/wp-json\/wp\/v2\/media\/2290"}],"wp:attachment":[{"href":"https:\/\/paoliconceptstore.com\/en_en\/wp-json\/wp\/v2\/media?parent=1753"}],"wp:term":[{"taxonomy":"product_brand","embeddable":true,"href":"https:\/\/paoliconceptstore.com\/en_en\/wp-json\/wp\/v2\/product_brand?post=1753"},{"taxonomy":"product_cat","embeddable":true,"href":"https:\/\/paoliconceptstore.com\/en_en\/wp-json\/wp\/v2\/product_cat?post=1753"},{"taxonomy":"product_tag","embeddable":true,"href":"https:\/\/paoliconceptstore.com\/en_en\/wp-json\/wp\/v2\/product_tag?post=1753"}],"curies":[{"name":"wp","href":"https:\/\/api.w.org\/{rel}","templated":true}]}}