{"id":1849,"date":"2024-01-20T16:53:03","date_gmt":"2024-01-20T15:53:03","guid":{"rendered":"https:\/\/paoliconceptstore.com\/?post_type=product&#038;p=1849"},"modified":"2024-02-01T12:33:36","modified_gmt":"2024-02-01T11:33:36","slug":"carros-nepente-di-oliena","status":"publish","type":"product","link":"https:\/\/paoliconceptstore.com\/en_en\/shop\/carros-nepente-di-oliena\/","title":{"rendered":"Carros, Nepente di Oliena"},"content":{"rendered":"<p>Azienda agricola Fratelli Puddu<br \/>\nNepente di Oliena<br \/>\nVitigni: 100% Cannonau<br \/>\nGradazione: 14,5%<br \/>\nDi un bel colore rosso rubino intenso, venato da caldi riflessi violacei, Carros si distingue al naso per note fruttate intense e croccanti, di marasche e prugne, speziate e legnose, e floreali.<br \/>\nIn bocca Carros \u00e8 un vino caldo e morbido, secco, di buona freschezza e delicata tannicit\u00e0: la struttura \u00e8 appagante, e gli aromi, intensi e fini, persistono piacevolmente.<br \/>\nUna volta completata la fermentazione alcolica, Carros viene trasferito in botti di rovere di cinquanta ettolitri, dove sosta per dodici mesi circa prima dell\u2019affinamento finale in bottiglia.<br \/>\nAbbinamenti: Pecorino di Sardegna DOP saporito e di buona stagionatura, o con Sa Cordula a su Schidoni, treccia fatta con gli intestini di agnello e le sue frattaglie arrostita alla brace sullo spiedo.<\/p>","protected":false},"excerpt":{"rendered":"<p>Azienda agricola Fratelli Puddu Nepente di Oliena Vitigni: 100% Cannonau Gradazione: 14,5% Di un bel colore rosso rubino intenso, venato da caldi riflessi violacei, Carros si distingue al naso per note fruttate intense e croccanti, di marasche e prugne, speziate e legnose, e floreali. In bocca Carros \u00e8 un vino caldo e morbido, secco, di [&hellip;]<\/p>\n","protected":false},"featured_media":2401,"template":"","meta":{"_acf_changed":false,"_uf_show_specific_survey":0,"_uf_disable_surveys":false},"product_brand":[],"product_cat":[99,193,70,132],"product_tag":[194,195,162,196],"class_list":{"0":"post-1849","1":"product","2":"type-product","3":"status-publish","4":"has-post-thumbnail","6":"product_cat-enoteca","7":"product_cat-fratelli-puddu-produttori","8":"product_cat-shop","9":"product_cat-vini-rossi-enoteca","10":"product_tag-cannonau","11":"product_tag-nepente","12":"product_tag-oliena","13":"product_tag-puddu","15":"first","16":"instock","17":"taxable","18":"shipping-taxable","19":"purchasable","20":"product-type-variable"},"acf":[],"aioseo_notices":[],"jetpack_sharing_enabled":true,"_links":{"self":[{"href":"https:\/\/paoliconceptstore.com\/en_en\/wp-json\/wp\/v2\/product\/1849","targetHints":{"allow":["GET"]}}],"collection":[{"href":"https:\/\/paoliconceptstore.com\/en_en\/wp-json\/wp\/v2\/product"}],"about":[{"href":"https:\/\/paoliconceptstore.com\/en_en\/wp-json\/wp\/v2\/types\/product"}],"wp:featuredmedia":[{"embeddable":true,"href":"https:\/\/paoliconceptstore.com\/en_en\/wp-json\/wp\/v2\/media\/2401"}],"wp:attachment":[{"href":"https:\/\/paoliconceptstore.com\/en_en\/wp-json\/wp\/v2\/media?parent=1849"}],"wp:term":[{"taxonomy":"product_brand","embeddable":true,"href":"https:\/\/paoliconceptstore.com\/en_en\/wp-json\/wp\/v2\/product_brand?post=1849"},{"taxonomy":"product_cat","embeddable":true,"href":"https:\/\/paoliconceptstore.com\/en_en\/wp-json\/wp\/v2\/product_cat?post=1849"},{"taxonomy":"product_tag","embeddable":true,"href":"https:\/\/paoliconceptstore.com\/en_en\/wp-json\/wp\/v2\/product_tag?post=1849"}],"curies":[{"name":"wp","href":"https:\/\/api.w.org\/{rel}","templated":true}]}}