{"id":1969,"date":"2024-01-20T16:53:21","date_gmt":"2024-01-20T15:53:21","guid":{"rendered":"https:\/\/paoliconceptstore.com\/?post_type=product&#038;p=1969"},"modified":"2024-02-06T10:41:15","modified_gmt":"2024-02-06T09:41:15","slug":"pashmina","status":"publish","type":"product","link":"https:\/\/paoliconceptstore.com\/en_en\/shop\/pashmina\/","title":{"rendered":"Pashmina Sartoria Modolo"},"content":{"rendered":"<div class=\"boldgrid-section\">\n<div class=\"container\">\n<div class=\"row\">\n<div class=\"col-lg-12 col-md-12 col-xs-12 col-sm-12\">\n<p class=\"\">Pashmina in viscosa e modal, realizzata a mano dalla Sartoria Modolo di Orani. Ogni Pashmina \u00e8 un pezzo unico che dar\u00e0 al look un tocco di eleganza classica e ricercata. La Sartoria Modolo sfila nelle pi\u00f9 note passerelle di moda internazionali con i suoi abiti che rivisitano la tradizione con un tocco originale e moderno.<\/p>\n<\/div>\n<\/div>\n<\/div>\n<\/div>","protected":false},"excerpt":{"rendered":"<p>Pashmina in viscosa e modal, realizzata a mano dalla Sartoria Modolo di Orani. Ogni Pashmina \u00e8 un pezzo unico che dar\u00e0 al look un tocco di eleganza classica e ricercata. La Sartoria Modolo sfila nelle pi\u00f9 note passerelle di moda internazionali con i suoi abiti che rivisitano la tradizione con un tocco originale e moderno.<\/p>","protected":false},"featured_media":2537,"template":"","meta":{"_acf_changed":false,"_uf_show_specific_survey":0,"_uf_disable_surveys":false},"product_brand":[],"product_cat":[112,123,70,113],"product_tag":[105,120,108,122,233,213],"class_list":{"0":"post-1969","1":"product","2":"type-product","3":"status-publish","4":"has-post-thumbnail","6":"product_cat-modolo-sartoria-produttori","7":"product_cat-persona","8":"product_cat-shop","9":"product_cat-tessuti","10":"product_tag-artigianato","11":"product_tag-moda","12":"product_tag-sardegna","13":"product_tag-sartoria","14":"product_tag-stile","15":"product_tag-tessuti","16":"yith_product_brand-sartoria-modolo","18":"first","19":"instock","20":"taxable","21":"shipping-taxable","22":"purchasable","23":"product-type-variable"},"acf":[],"aioseo_notices":[],"jetpack_sharing_enabled":true,"_links":{"self":[{"href":"https:\/\/paoliconceptstore.com\/en_en\/wp-json\/wp\/v2\/product\/1969","targetHints":{"allow":["GET"]}}],"collection":[{"href":"https:\/\/paoliconceptstore.com\/en_en\/wp-json\/wp\/v2\/product"}],"about":[{"href":"https:\/\/paoliconceptstore.com\/en_en\/wp-json\/wp\/v2\/types\/product"}],"wp:featuredmedia":[{"embeddable":true,"href":"https:\/\/paoliconceptstore.com\/en_en\/wp-json\/wp\/v2\/media\/2537"}],"wp:attachment":[{"href":"https:\/\/paoliconceptstore.com\/en_en\/wp-json\/wp\/v2\/media?parent=1969"}],"wp:term":[{"taxonomy":"product_brand","embeddable":true,"href":"https:\/\/paoliconceptstore.com\/en_en\/wp-json\/wp\/v2\/product_brand?post=1969"},{"taxonomy":"product_cat","embeddable":true,"href":"https:\/\/paoliconceptstore.com\/en_en\/wp-json\/wp\/v2\/product_cat?post=1969"},{"taxonomy":"product_tag","embeddable":true,"href":"https:\/\/paoliconceptstore.com\/en_en\/wp-json\/wp\/v2\/product_tag?post=1969"}],"curies":[{"name":"wp","href":"https:\/\/api.w.org\/{rel}","templated":true}]}}