{"id":2849,"date":"2024-03-07T18:00:57","date_gmt":"2024-03-07T17:00:57","guid":{"rendered":"https:\/\/paoliconceptstore.com\/?post_type=product&#038;p=2849"},"modified":"2024-03-07T18:00:57","modified_gmt":"2024-03-07T17:00:57","slug":"camelia-japonica","status":"publish","type":"product","link":"https:\/\/paoliconceptstore.com\/en_en\/shop\/camelia-japonica\/","title":{"rendered":"Camelia Japonica"},"content":{"rendered":"<p>Dalla nostra selezione di fiori e piante: Camelia Japonica in vaso &#8211; diverse dimensioni<br \/>\nConsegna disponibile con confezione regalo inclusa a Calgiari, Quartu e Quartucciu<\/p>","protected":false},"excerpt":{"rendered":"<p>Come si tiene la camelia in vaso?<br \/>\nPianta di Camelia: fioritura, coltivazione in vaso e cura<br \/>\nLa camelia in vaso deve essere posizionata in una zona ombreggiata d&#8217;estate in quanto il sole diretto pu\u00f2 danneggiare la sua chioma e seccare troppo la terra. Un&#8217;accortezza in pi\u00f9 per proteggere questa pianta dal calore \u00e8 prediligere vasi in terracotta rispetto a quelli in plastica<\/p>","protected":false},"featured_media":2853,"template":"","meta":{"_acf_changed":false,"_uf_show_specific_survey":0,"_uf_disable_surveys":false},"product_brand":[],"product_cat":[100,309,186],"product_tag":[],"class_list":{"0":"post-2849","1":"product","2":"type-product","3":"status-publish","4":"has-post-thumbnail","6":"product_cat-casa","7":"product_cat-fiori-e-piante","8":"product_cat-giardino-casa","9":"product_shipping_class-solo-ritiro-in-sede","11":"first","12":"instock","13":"sale","14":"taxable","15":"shipping-taxable","16":"purchasable","17":"product-type-variable"},"acf":[],"aioseo_notices":[],"jetpack_sharing_enabled":true,"_links":{"self":[{"href":"https:\/\/paoliconceptstore.com\/en_en\/wp-json\/wp\/v2\/product\/2849","targetHints":{"allow":["GET"]}}],"collection":[{"href":"https:\/\/paoliconceptstore.com\/en_en\/wp-json\/wp\/v2\/product"}],"about":[{"href":"https:\/\/paoliconceptstore.com\/en_en\/wp-json\/wp\/v2\/types\/product"}],"wp:featuredmedia":[{"embeddable":true,"href":"https:\/\/paoliconceptstore.com\/en_en\/wp-json\/wp\/v2\/media\/2853"}],"wp:attachment":[{"href":"https:\/\/paoliconceptstore.com\/en_en\/wp-json\/wp\/v2\/media?parent=2849"}],"wp:term":[{"taxonomy":"product_brand","embeddable":true,"href":"https:\/\/paoliconceptstore.com\/en_en\/wp-json\/wp\/v2\/product_brand?post=2849"},{"taxonomy":"product_cat","embeddable":true,"href":"https:\/\/paoliconceptstore.com\/en_en\/wp-json\/wp\/v2\/product_cat?post=2849"},{"taxonomy":"product_tag","embeddable":true,"href":"https:\/\/paoliconceptstore.com\/en_en\/wp-json\/wp\/v2\/product_tag?post=2849"}],"curies":[{"name":"wp","href":"https:\/\/api.w.org\/{rel}","templated":true}]}}