{"id":2929,"date":"2024-03-26T17:42:02","date_gmt":"2024-03-26T16:42:02","guid":{"rendered":"https:\/\/paoliconceptstore.com\/?post_type=product&#038;p=2929"},"modified":"2024-03-26T17:42:02","modified_gmt":"2024-03-26T16:42:02","slug":"balari-vermentino-di-gallura-docg","status":"publish","type":"product","link":"https:\/\/paoliconceptstore.com\/en_en\/shop\/balari-vermentino-di-gallura-docg\/","title":{"rendered":"B\u00e0lari &#8211; Vermentino di Gallura DOCG"},"content":{"rendered":"<p>Il B\u00e0lari \u00e8 il Vermentino di Gallura DOCG Frizzante della cantina Monti, premiato con l&#8217;annata 2014 con la Gran Medaglia d&#8217;Oro al Vinitaly 2015 \u00e8 un bianco di grandissima semplicit\u00e0 ma estremamente fine ottenuto da uve vermentino.<br \/>\nGiallo paglierino tenue con riflessi verdolini e fini bollicine.<br \/>\nAl naso esprime profumi delicatissimi di fiori bianchi, frutta come la mela verde e la perra e sfumature tenui di mallo di mandorla.<br \/>\nPerfetto come aperitivo e in abbinamento a piatti di pesce.<\/p>","protected":false},"excerpt":{"rendered":"<p>Il B\u00e0lari \u00e8 il Vermentino di Gallura DOCG Frizzante della cantina Monti, premiato con l&#8217;annata 2014 con la Gran Medaglia d&#8217;Oro al Vinitaly 2015 \u00e8 un bianco di grandissima semplicit\u00e0 ma estremamente fine ottenuto da uve vermentino. Giallo paglierino tenue con riflessi verdolini e fini bollicine. Al naso esprime profumi delicatissimi di fiori bianchi, frutta [&hellip;]<\/p>\n","protected":false},"featured_media":2930,"template":"","meta":{"_acf_changed":false,"_uf_show_specific_survey":0,"_uf_disable_surveys":false},"product_brand":[],"product_cat":[99,138],"product_tag":[],"class_list":{"0":"post-2929","1":"product","2":"type-product","3":"status-publish","4":"has-post-thumbnail","6":"product_cat-enoteca","7":"product_cat-vini-bianchi-enoteca","9":"first","10":"instock","11":"taxable","12":"shipping-taxable","13":"purchasable","14":"product-type-simple"},"acf":[],"aioseo_notices":[],"jetpack_sharing_enabled":true,"_links":{"self":[{"href":"https:\/\/paoliconceptstore.com\/en_en\/wp-json\/wp\/v2\/product\/2929","targetHints":{"allow":["GET"]}}],"collection":[{"href":"https:\/\/paoliconceptstore.com\/en_en\/wp-json\/wp\/v2\/product"}],"about":[{"href":"https:\/\/paoliconceptstore.com\/en_en\/wp-json\/wp\/v2\/types\/product"}],"wp:featuredmedia":[{"embeddable":true,"href":"https:\/\/paoliconceptstore.com\/en_en\/wp-json\/wp\/v2\/media\/2930"}],"wp:attachment":[{"href":"https:\/\/paoliconceptstore.com\/en_en\/wp-json\/wp\/v2\/media?parent=2929"}],"wp:term":[{"taxonomy":"product_brand","embeddable":true,"href":"https:\/\/paoliconceptstore.com\/en_en\/wp-json\/wp\/v2\/product_brand?post=2929"},{"taxonomy":"product_cat","embeddable":true,"href":"https:\/\/paoliconceptstore.com\/en_en\/wp-json\/wp\/v2\/product_cat?post=2929"},{"taxonomy":"product_tag","embeddable":true,"href":"https:\/\/paoliconceptstore.com\/en_en\/wp-json\/wp\/v2\/product_tag?post=2929"}],"curies":[{"name":"wp","href":"https:\/\/api.w.org\/{rel}","templated":true}]}}